{"id":122,"date":"2026-01-27T11:14:16","date_gmt":"2026-01-27T11:14:16","guid":{"rendered":"https:\/\/www.azurdental.com\/?page_id=122"},"modified":"2026-01-27T16:00:14","modified_gmt":"2026-01-27T16:00:14","slug":"discover","status":"publish","type":"page","link":"https:\/\/www.azurdental.com\/index.php\/discover\/","title":{"rendered":"Hakk\u0131m\u0131zda"},"content":{"rendered":"\n<h2 class=\"wp-block-heading\">Kim De\u011filiz?<\/h2>\n\n\n\n<p>Biz h\u0131zl\u0131ca hasta al\u0131p ge\u00e7i\u015ftiren bir klinik <strong>de\u011filiz<\/strong>.<br>Her hastaya ayn\u0131 tedaviyi uygulayan bir \u00fcretim band\u0131 <strong>de\u011filiz<\/strong>.<\/p>\n\n\n\n<p>Sadece \u201cdaha ucuz\u201d olsun diye kaliteden \u00f6d\u00fcn veren bir yer <strong>de\u011filiz<\/strong>.<br>Ge\u00e7ici \u00e7\u00f6z\u00fcmlerle k\u0131sa vadeli sonu\u00e7lar sunan bir anlay\u0131\u015f <strong>de\u011filiz<\/strong>.<\/p>\n\n\n\n<p>Hastalar\u0131n\u0131 s\u00fcre\u00e7 boyunca bilgilendirmeyen, belirsizlik yaratan bir klinik <strong>de\u011filiz<\/strong>.<br>Esteti\u011fi fonksiyonun \u00f6n\u00fcne koyup sa\u011fl\u0131\u011f\u0131 ikinci plana atan bir yakla\u015f\u0131m <strong>de\u011filiz<\/strong>.<\/p>\n\n\n\n<p>Eski y\u00f6ntemlere tak\u0131l\u0131 kalm\u0131\u015f, geli\u015fimi g\u00f6rmezden gelen bir ekip <strong>de\u011filiz<\/strong>.<br>Standart g\u00fcl\u00fc\u015fler \u00fcretip herkesi ayn\u0131 kal\u0131ba sokan bir marka <strong>de\u011filiz<\/strong>.<\/p>\n\n\n\n<hr class=\"wp-block-separator has-alpha-channel-opacity\"\/>\n\n\n\n<h3 class=\"wp-block-heading\"><strong>Biz Ne Yap\u0131yoruz?<\/strong><\/h3>\n\n\n\n<p>Her hastaya \u00f6zel, bilimsel, estetik ve uzun \u00f6m\u00fcrl\u00fc \u00e7\u00f6z\u00fcmler sunuyoruz.<br>\u00c7\u00fcnk\u00fc Azur Dent\u2019te <strong>di\u015f hekimli\u011fi bir i\u015flem de\u011fil, bir sorumluluktur.<\/strong><\/p>\n\n\n\n<figure class=\"wp-block-embed is-type-wp-embed is-provider-agagsia-dental wp-block-embed-agagsia-dental\"><div class=\"wp-block-embed__wrapper\">\n<blockquote class=\"wp-embedded-content\" data-secret=\"IomYXO3Qnz\"><a href=\"https:\/\/www.agagsiadental.com\/what-we-are-against\">What We Are Against<\/a><\/blockquote><iframe loading=\"lazy\" class=\"wp-embedded-content\" sandbox=\"allow-scripts\" security=\"restricted\" style=\"position: absolute; visibility: hidden;\" title=\"&#8220;What We Are Against&#8221; &#8212; Agagsia Dental\" src=\"https:\/\/www.agagsiadental.com\/what-we-are-against\/embed#?secret=Iy0NOivsRr#?secret=IomYXO3Qnz\" data-secret=\"IomYXO3Qnz\" width=\"600\" height=\"338\" frameborder=\"0\" marginwidth=\"0\" marginheight=\"0\" scrolling=\"no\"><\/iframe>\n<\/div><\/figure>\n","protected":false},"excerpt":{"rendered":"<p>Kim De\u011filiz? Biz h\u0131zl\u0131ca hasta al\u0131p ge\u00e7i\u015ftiren bir klinik de\u011filiz.Her hastaya ayn\u0131 tedaviyi uygulayan bir \u00fcretim band\u0131 de\u011filiz. Sadece \u201cdaha ucuz\u201d olsun diye kaliteden \u00f6d\u00fcn veren bir yer de\u011filiz.Ge\u00e7ici \u00e7\u00f6z\u00fcmlerle k\u0131sa vadeli sonu\u00e7lar sunan bir anlay\u0131\u015f de\u011filiz. Hastalar\u0131n\u0131 s\u00fcre\u00e7 boyunca bilgilendirmeyen, belirsizlik yaratan bir klinik de\u011filiz.Esteti\u011fi fonksiyonun \u00f6n\u00fcne koyup sa\u011fl\u0131\u011f\u0131 ikinci plana atan bir yakla\u015f\u0131m [&hellip;]<\/p>\n","protected":false},"author":1,"featured_media":0,"parent":0,"menu_order":0,"comment_status":"closed","ping_status":"closed","template":"","meta":{"footnotes":""},"class_list":["post-122","page","type-page","status-publish","hentry"],"_links":{"self":[{"href":"https:\/\/www.azurdental.com\/index.php\/wp-json\/wp\/v2\/pages\/122","targetHints":{"allow":["GET"]}}],"collection":[{"href":"https:\/\/www.azurdental.com\/index.php\/wp-json\/wp\/v2\/pages"}],"about":[{"href":"https:\/\/www.azurdental.com\/index.php\/wp-json\/wp\/v2\/types\/page"}],"author":[{"embeddable":true,"href":"https:\/\/www.azurdental.com\/index.php\/wp-json\/wp\/v2\/users\/1"}],"replies":[{"embeddable":true,"href":"https:\/\/www.azurdental.com\/index.php\/wp-json\/wp\/v2\/comments?post=122"}],"version-history":[{"count":6,"href":"https:\/\/www.azurdental.com\/index.php\/wp-json\/wp\/v2\/pages\/122\/revisions"}],"predecessor-version":[{"id":175,"href":"https:\/\/www.azurdental.com\/index.php\/wp-json\/wp\/v2\/pages\/122\/revisions\/175"}],"wp:attachment":[{"href":"https:\/\/www.azurdental.com\/index.php\/wp-json\/wp\/v2\/media?parent=122"}],"curies":[{"name":"wp","href":"https:\/\/api.w.org\/{rel}","templated":true}]}}